{"id":191,"date":"2025-07-11T21:25:45","date_gmt":"2025-07-11T21:25:45","guid":{"rendered":"https:\/\/supernovatrading.eu\/?post_type=product&#038;p=191"},"modified":"2025-07-12T15:29:05","modified_gmt":"2025-07-12T15:29:05","slug":"perla-chmielowa","status":"publish","type":"product","link":"https:\/\/supernovatrading.eu\/ro\/produs\/perla-chmielowa\/","title":{"rendered":"Perla Chmielowa"},"content":{"rendered":"<h3 style=\"color:#000000\">Caracteristic\u0103<\/h3>\n<p>Produsul emblematic al Browary Lubelskie. Datorit\u0103 utiliz\u0103rii celui mai bun hamei Lublin \u0219i a unei re\u021bete originale, Per\u0142a Chmielowa este apreciat\u0103 de gurmanzii din Polonia \u0219i din str\u0103in\u0103tate.<\/p>\n<h3 style=\"color:#000000\">Ce \u00eel face at\u00e2t de special?<\/h3>\n<ul>\n<li>Este fabricat\u0103 \u00een fabrica de bere Lublin, situat\u0103 \u00een inima regiunii poloneze a hameiului.<\/li>\n<li>Utilizarea celui mai bun hamei Lublin contribuie la gustul unic al acestei beri.<\/li>\n<li>Aroma puternic\u0103 \u0219i pl\u0103cut\u0103 a hameiului aromat \u0219i gustul amar caracteristic fac ca Per\u0142a Chmielowa s\u0103 fie apreciat\u0103 chiar \u0219i de cei mai exigen\u021bi iubitori de bere.<\/li>\n<\/ul>","protected":false},"excerpt":{"rendered":"<p>Caracteristic\u0103 Produsul emblematic al Browary Lubelskie. Datorit\u0103 utiliz\u0103rii celui mai bun hamei Lublin \u0219i a unei re\u021bete originale, Per\u0142a Chmielowa este apreciat\u0103 de gurmanzii din Polonia \u0219i din str\u0103in\u0103tate. Ce o face at\u00e2t de special\u0103? Este fabricat\u0103 \u00een fabrica de bere din Lublin, situat\u0103 \u00een inima regiunii poloneze a hameiului. Folosirea celui mai bun hamei din Lublin contribuie la gustul unic al acestei beri. Aroma puternic\u0103 \u0219i pl\u0103cut\u0103 [...]<\/p>","protected":false},"featured_media":194,"comment_status":"open","ping_status":"closed","template":"","meta":[],"product_brand":[],"product_cat":[20],"product_tag":[],"class_list":{"0":"post-191","1":"product","2":"type-product","3":"status-publish","4":"has-post-thumbnail","6":"product_cat-beer","8":"first","9":"instock","10":"shipping-taxable","11":"product-type-simple"},"_links":{"self":[{"href":"https:\/\/supernovatrading.eu\/ro\/wp-json\/wp\/v2\/product\/191","targetHints":{"allow":["GET"]}}],"collection":[{"href":"https:\/\/supernovatrading.eu\/ro\/wp-json\/wp\/v2\/product"}],"about":[{"href":"https:\/\/supernovatrading.eu\/ro\/wp-json\/wp\/v2\/types\/product"}],"replies":[{"embeddable":true,"href":"https:\/\/supernovatrading.eu\/ro\/wp-json\/wp\/v2\/comments?post=191"}],"version-history":[{"count":6,"href":"https:\/\/supernovatrading.eu\/ro\/wp-json\/wp\/v2\/product\/191\/revisions"}],"predecessor-version":[{"id":282,"href":"https:\/\/supernovatrading.eu\/ro\/wp-json\/wp\/v2\/product\/191\/revisions\/282"}],"wp:featuredmedia":[{"embeddable":true,"href":"https:\/\/supernovatrading.eu\/ro\/wp-json\/wp\/v2\/media\/194"}],"wp:attachment":[{"href":"https:\/\/supernovatrading.eu\/ro\/wp-json\/wp\/v2\/media?parent=191"}],"wp:term":[{"taxonomy":"product_brand","embeddable":true,"href":"https:\/\/supernovatrading.eu\/ro\/wp-json\/wp\/v2\/product_brand?post=191"},{"taxonomy":"product_cat","embeddable":true,"href":"https:\/\/supernovatrading.eu\/ro\/wp-json\/wp\/v2\/product_cat?post=191"},{"taxonomy":"product_tag","embeddable":true,"href":"https:\/\/supernovatrading.eu\/ro\/wp-json\/wp\/v2\/product_tag?post=191"}],"curies":[{"name":"wp","href":"https:\/\/api.w.org\/{rel}","templated":true}]}}