{"id":189,"date":"2025-07-11T21:20:12","date_gmt":"2025-07-11T21:20:12","guid":{"rendered":"https:\/\/supernovatrading.eu\/?post_type=product&#038;p=189"},"modified":"2025-07-11T21:20:12","modified_gmt":"2025-07-11T21:20:12","slug":"yellow-tail","status":"publish","type":"product","link":"https:\/\/supernovatrading.eu\/ro\/produs\/yellow-tail\/","title":{"rendered":"Coad\u0103 galben\u0103"},"content":{"rendered":"<p>Yellow Tail mizeaz\u0103 pe vinuri de mare calitate \u0219i distractive \u00een acela\u0219i timp. Sunt vinuri vibrante, pline de savoare \u0219i \u00een care fiecare soi contribuie la a face \u0219i mai pl\u0103cute acele momente speciale. Yellow Tail Cabernet Sauvignon este un vin ideal pentru a fi savurat ca un vin t\u00e2n\u0103r.<\/p>\n<p>VIN MARE. PENTRU TO\u021aI.<br \/>\nDe la Yenda, Australia, la \u00eentreaga lume, asta am oferit \u00eentotdeauna, pentru c\u0103 a\u0219a v\u0103 place! Vinurile noastre au fost extrem de premiate \u0219i recunoscute drept \"cele mai iubite\" de oamenii de pretutindeni, dar, \u00een ciuda succesului nostru, \u00eenc\u0103 ne \u021binem coada pe p\u0103m\u00e2nt. Descoperi\u021bi povestea noastr\u0103 \u0219i explora\u021bi gama. Poft\u0103 bun\u0103!<\/p>","protected":false},"excerpt":{"rendered":"<p>Yellow Tail mizeaz\u0103 pe vinuri de mare calitate \u0219i distractive \u00een acela\u0219i timp. Sunt vinuri vibrante, pline de savoare \u0219i \u00een care fiecare soi contribuie la a face \u0219i mai pl\u0103cute acele momente speciale. Yellow Tail Cabernet Sauvignon este un vin ideal pentru a fi savurat ca un vin t\u00e2n\u0103r. VIN MARE. PENTRU TO\u021aI. De la Yenda, [...]<\/p>","protected":false},"featured_media":143,"comment_status":"open","ping_status":"closed","template":"","meta":[],"product_brand":[],"product_cat":[21],"product_tag":[],"class_list":{"0":"post-189","1":"product","2":"type-product","3":"status-publish","4":"has-post-thumbnail","6":"product_cat-wine","8":"first","9":"instock","10":"shipping-taxable","11":"product-type-simple"},"_links":{"self":[{"href":"https:\/\/supernovatrading.eu\/ro\/wp-json\/wp\/v2\/product\/189","targetHints":{"allow":["GET"]}}],"collection":[{"href":"https:\/\/supernovatrading.eu\/ro\/wp-json\/wp\/v2\/product"}],"about":[{"href":"https:\/\/supernovatrading.eu\/ro\/wp-json\/wp\/v2\/types\/product"}],"replies":[{"embeddable":true,"href":"https:\/\/supernovatrading.eu\/ro\/wp-json\/wp\/v2\/comments?post=189"}],"version-history":[{"count":1,"href":"https:\/\/supernovatrading.eu\/ro\/wp-json\/wp\/v2\/product\/189\/revisions"}],"predecessor-version":[{"id":190,"href":"https:\/\/supernovatrading.eu\/ro\/wp-json\/wp\/v2\/product\/189\/revisions\/190"}],"wp:featuredmedia":[{"embeddable":true,"href":"https:\/\/supernovatrading.eu\/ro\/wp-json\/wp\/v2\/media\/143"}],"wp:attachment":[{"href":"https:\/\/supernovatrading.eu\/ro\/wp-json\/wp\/v2\/media?parent=189"}],"wp:term":[{"taxonomy":"product_brand","embeddable":true,"href":"https:\/\/supernovatrading.eu\/ro\/wp-json\/wp\/v2\/product_brand?post=189"},{"taxonomy":"product_cat","embeddable":true,"href":"https:\/\/supernovatrading.eu\/ro\/wp-json\/wp\/v2\/product_cat?post=189"},{"taxonomy":"product_tag","embeddable":true,"href":"https:\/\/supernovatrading.eu\/ro\/wp-json\/wp\/v2\/product_tag?post=189"}],"curies":[{"name":"wp","href":"https:\/\/api.w.org\/{rel}","templated":true}]}}