{"id":187,"date":"2025-07-11T21:17:40","date_gmt":"2025-07-11T21:17:40","guid":{"rendered":"https:\/\/supernovatrading.eu\/?post_type=product&#038;p=187"},"modified":"2025-07-11T21:17:40","modified_gmt":"2025-07-11T21:17:40","slug":"blossom-hill","status":"publish","type":"product","link":"https:\/\/supernovatrading.eu\/ro\/produs\/blossom-hill\/","title":{"rendered":"Dealul Blossom"},"content":{"rendered":"<p>Blossom Hill s\u0103rb\u0103tore\u0219te 30 de ani de arome mari, fructate ale vin\u0103riei Blossom Hill. Originar din \u00eensorita Californie, acest brand de vinuri pune gustul \u00een centrul a tot ceea ce face, de la fructe de p\u0103dure dulci, pepene suculent \u0219i citrice zemoase.<\/p>\n<p>De la fructe de p\u0103dure ro\u0219ii suculente la citrice zemoase \u0219i pepeni minuna\u021bi, exist\u0103 o lume \u00eentreag\u0103 de gusturi. \u0218i de\u0219i renumit \u00een California, \u021bara sa natal\u0103, Blossom Hill este de fapt cel mai iubit vin din Marea Britanie!<\/p>","protected":false},"excerpt":{"rendered":"<p>Blossom Hill s\u0103rb\u0103tore\u0219te 30 de ani de arome mari, fructate ale vin\u0103riei Blossom Hill. Venit din \u00eensorita Californie, acest brand de vinuri pune gustul \u00een centrul a tot ceea ce face, de la fructe de p\u0103dure dulci, pepeni suculen\u021bi \u0219i citrice zemoase. De la fructe de p\u0103dure ro\u0219ii suculente la citrice zemoase \u0219i pepeni verzi minuna\u021bi, exist\u0103 o \u00eentreag\u0103 lume a gustului. [...]<\/p>","protected":false},"featured_media":131,"comment_status":"open","ping_status":"closed","template":"","meta":[],"product_brand":[],"product_cat":[21],"product_tag":[],"class_list":{"0":"post-187","1":"product","2":"type-product","3":"status-publish","4":"has-post-thumbnail","6":"product_cat-wine","8":"first","9":"instock","10":"shipping-taxable","11":"product-type-simple"},"_links":{"self":[{"href":"https:\/\/supernovatrading.eu\/ro\/wp-json\/wp\/v2\/product\/187","targetHints":{"allow":["GET"]}}],"collection":[{"href":"https:\/\/supernovatrading.eu\/ro\/wp-json\/wp\/v2\/product"}],"about":[{"href":"https:\/\/supernovatrading.eu\/ro\/wp-json\/wp\/v2\/types\/product"}],"replies":[{"embeddable":true,"href":"https:\/\/supernovatrading.eu\/ro\/wp-json\/wp\/v2\/comments?post=187"}],"version-history":[{"count":1,"href":"https:\/\/supernovatrading.eu\/ro\/wp-json\/wp\/v2\/product\/187\/revisions"}],"predecessor-version":[{"id":188,"href":"https:\/\/supernovatrading.eu\/ro\/wp-json\/wp\/v2\/product\/187\/revisions\/188"}],"wp:featuredmedia":[{"embeddable":true,"href":"https:\/\/supernovatrading.eu\/ro\/wp-json\/wp\/v2\/media\/131"}],"wp:attachment":[{"href":"https:\/\/supernovatrading.eu\/ro\/wp-json\/wp\/v2\/media?parent=187"}],"wp:term":[{"taxonomy":"product_brand","embeddable":true,"href":"https:\/\/supernovatrading.eu\/ro\/wp-json\/wp\/v2\/product_brand?post=187"},{"taxonomy":"product_cat","embeddable":true,"href":"https:\/\/supernovatrading.eu\/ro\/wp-json\/wp\/v2\/product_cat?post=187"},{"taxonomy":"product_tag","embeddable":true,"href":"https:\/\/supernovatrading.eu\/ro\/wp-json\/wp\/v2\/product_tag?post=187"}],"curies":[{"name":"wp","href":"https:\/\/api.w.org\/{rel}","templated":true}]}}