{"id":185,"date":"2025-07-11T21:11:42","date_gmt":"2025-07-11T21:11:42","guid":{"rendered":"https:\/\/supernovatrading.eu\/?post_type=product&#038;p=185"},"modified":"2025-07-11T21:11:42","modified_gmt":"2025-07-11T21:11:42","slug":"amstel-beer","status":"publish","type":"product","link":"https:\/\/supernovatrading.eu\/ro\/produs\/amstel-beer\/","title":{"rendered":"AMSTEL BEER"},"content":{"rendered":"<p>Amstel este o bere lager premium cu gust crocant, perfect\u0103 pentru urm\u0103toarea \u00eent\u00e2lnire cu familia sau prietenii.<\/p>\n<p>Timp de 150 de ani, Amstel a fabricat o bere de \u00eenalt\u0103 calitate care are echilibrul perfect de gust \u0219i r\u0103coritoare. Cu o arom\u0103 unic\u0103 de mal\u021b cu miere, Amstel ofer\u0103 un caracter subtil de citrice \u0219i ierburi de hamei, cu un final curat.<\/p>\n<p>Se serve\u0219te rece din frigider.<\/p>\n<p>Con\u021bine 12 sticle individuale de 300 ml<\/p>\n<p>Din 2008, am redus cu 68% emisiile generate de producerea berilor \u0219i cidrelor noastre<\/p>\n<p>Ofer\u0103 arome u\u0219oare de citrice \u0219i ierburi subtile de hamei, cu un final curat \u0219i crocant<br \/>\nPotrivit pentru vegetarieniSuficient pentru vegetarieni<\/p>","protected":false},"excerpt":{"rendered":"<p>Amstel este o bere lager premium cu gust crocant, perfect\u0103 pentru urm\u0103toarea reuniune cu familia sau prietenii. Timp de 150 de ani, Amstel a fabricat o bere de \u00eenalt\u0103 calitate care are echilibrul perfect de gust \u0219i r\u0103coritoare. Cu o arom\u0103 unic\u0103 de mal\u021b cu miere, Amstel ofer\u0103 un caracter subtil de citrice \u0219i ierburi de hamei, cu un final curat. Servi\u021bi [...]<\/p>","protected":false},"featured_media":130,"comment_status":"open","ping_status":"closed","template":"","meta":[],"product_brand":[],"product_cat":[20],"product_tag":[],"class_list":{"0":"post-185","1":"product","2":"type-product","3":"status-publish","4":"has-post-thumbnail","6":"product_cat-beer","8":"first","9":"instock","10":"shipping-taxable","11":"product-type-simple"},"_links":{"self":[{"href":"https:\/\/supernovatrading.eu\/ro\/wp-json\/wp\/v2\/product\/185","targetHints":{"allow":["GET"]}}],"collection":[{"href":"https:\/\/supernovatrading.eu\/ro\/wp-json\/wp\/v2\/product"}],"about":[{"href":"https:\/\/supernovatrading.eu\/ro\/wp-json\/wp\/v2\/types\/product"}],"replies":[{"embeddable":true,"href":"https:\/\/supernovatrading.eu\/ro\/wp-json\/wp\/v2\/comments?post=185"}],"version-history":[{"count":1,"href":"https:\/\/supernovatrading.eu\/ro\/wp-json\/wp\/v2\/product\/185\/revisions"}],"predecessor-version":[{"id":186,"href":"https:\/\/supernovatrading.eu\/ro\/wp-json\/wp\/v2\/product\/185\/revisions\/186"}],"wp:featuredmedia":[{"embeddable":true,"href":"https:\/\/supernovatrading.eu\/ro\/wp-json\/wp\/v2\/media\/130"}],"wp:attachment":[{"href":"https:\/\/supernovatrading.eu\/ro\/wp-json\/wp\/v2\/media?parent=185"}],"wp:term":[{"taxonomy":"product_brand","embeddable":true,"href":"https:\/\/supernovatrading.eu\/ro\/wp-json\/wp\/v2\/product_brand?post=185"},{"taxonomy":"product_cat","embeddable":true,"href":"https:\/\/supernovatrading.eu\/ro\/wp-json\/wp\/v2\/product_cat?post=185"},{"taxonomy":"product_tag","embeddable":true,"href":"https:\/\/supernovatrading.eu\/ro\/wp-json\/wp\/v2\/product_tag?post=185"}],"curies":[{"name":"wp","href":"https:\/\/api.w.org\/{rel}","templated":true}]}}