{"id":181,"date":"2025-07-11T21:09:03","date_gmt":"2025-07-11T21:09:03","guid":{"rendered":"https:\/\/supernovatrading.eu\/?post_type=product&#038;p=181"},"modified":"2025-07-11T21:09:03","modified_gmt":"2025-07-11T21:09:03","slug":"hardys","status":"publish","type":"product","link":"https:\/\/supernovatrading.eu\/ro\/produs\/hardys\/","title":{"rendered":"Hardys"},"content":{"rendered":"<p>\"Hardys Wines nu produce vinuri vegane \/ vegetariene specifice, deoarece \u00een procesul de vinificare sunt utiliza\u021bi agen\u021bi de procesare \/ finisare, cum ar fi Isinglass, ou, lapte praf degresat \u0219i gelatin\u0103, care pot varia de la o recolt\u0103 la alta. Agen\u021bii de limpezire sunt utiliza\u021bi de mul\u021bi ani \u00een procesul de vinificare, \u00een principal pentru clarificare \u0219i reducerea taninului.<\/p>\n<p>\"Toate vinurile Hardys sunt produse \u0219i amestecate \u00een Australia \u0219i sunt \u00eembuteliate at\u00e2t \u00een Australia, c\u00e2t \u0219i \u00een Regatul Unit.\"<\/p>\n<p>E-mail al companiei (octombrie 2012): [cu privire la Hardys \u00een Marea Britanie]<br \/>\n\"Agen\u021bii de \u00eenchidere, cum ar fi Isinglass, ou\u0103, lapte praf degresat \u0219i gelatin\u0103 sunt utiliza\u021bi \u00een procesul de vinificare pentru majoritatea vinurilor \u0219i pot varia u\u0219or de la o recolt\u0103 la alta.\"<\/p>","protected":false},"excerpt":{"rendered":"<p>\"Hardys Wines nu produce vinuri vegane \/ vegetariene specifice, deoarece \u00een procesul de vinificare sunt utiliza\u021bi agen\u021bi de procesare \/ finisare, cum ar fi Isinglass, ou\u0103, lapte praf degresat \u0219i gelatin\u0103, care pot varia de la o recolt\u0103 la alta. Agen\u021bii de limpezire sunt utiliza\u021bi de mul\u021bi ani \u00een procesul de vinificare, \u00een principal pentru clarificare \u0219i reducerea taninului. \"Toate [...]<\/p>","protected":false},"featured_media":54,"comment_status":"open","ping_status":"closed","template":"","meta":[],"product_brand":[],"product_cat":[21],"product_tag":[],"class_list":{"0":"post-181","1":"product","2":"type-product","3":"status-publish","4":"has-post-thumbnail","6":"product_cat-wine","8":"first","9":"instock","10":"shipping-taxable","11":"product-type-simple"},"_links":{"self":[{"href":"https:\/\/supernovatrading.eu\/ro\/wp-json\/wp\/v2\/product\/181","targetHints":{"allow":["GET"]}}],"collection":[{"href":"https:\/\/supernovatrading.eu\/ro\/wp-json\/wp\/v2\/product"}],"about":[{"href":"https:\/\/supernovatrading.eu\/ro\/wp-json\/wp\/v2\/types\/product"}],"replies":[{"embeddable":true,"href":"https:\/\/supernovatrading.eu\/ro\/wp-json\/wp\/v2\/comments?post=181"}],"version-history":[{"count":1,"href":"https:\/\/supernovatrading.eu\/ro\/wp-json\/wp\/v2\/product\/181\/revisions"}],"predecessor-version":[{"id":182,"href":"https:\/\/supernovatrading.eu\/ro\/wp-json\/wp\/v2\/product\/181\/revisions\/182"}],"wp:featuredmedia":[{"embeddable":true,"href":"https:\/\/supernovatrading.eu\/ro\/wp-json\/wp\/v2\/media\/54"}],"wp:attachment":[{"href":"https:\/\/supernovatrading.eu\/ro\/wp-json\/wp\/v2\/media?parent=181"}],"wp:term":[{"taxonomy":"product_brand","embeddable":true,"href":"https:\/\/supernovatrading.eu\/ro\/wp-json\/wp\/v2\/product_brand?post=181"},{"taxonomy":"product_cat","embeddable":true,"href":"https:\/\/supernovatrading.eu\/ro\/wp-json\/wp\/v2\/product_cat?post=181"},{"taxonomy":"product_tag","embeddable":true,"href":"https:\/\/supernovatrading.eu\/ro\/wp-json\/wp\/v2\/product_tag?post=181"}],"curies":[{"name":"wp","href":"https:\/\/api.w.org\/{rel}","templated":true}]}}