{"id":179,"date":"2025-07-11T20:57:45","date_gmt":"2025-07-11T20:57:45","guid":{"rendered":"https:\/\/supernovatrading.eu\/?post_type=product&#038;p=179"},"modified":"2025-07-11T20:57:45","modified_gmt":"2025-07-11T20:57:45","slug":"lech-premium","status":"publish","type":"product","link":"https:\/\/supernovatrading.eu\/ro\/produs\/lech-premium\/","title":{"rendered":"Lech Premium"},"content":{"rendered":"<p>P\u00e2n\u0103 \u00een prezent, aceasta este fabricat\u0103 din doar trei ingrediente provenind din acelea\u0219i regiuni cehe: ap\u0103 moale Pilsen, mal\u021b de orz u\u0219or \u0219i hamei Saaz.<\/p>\n<p>B\u0103utur\u0103 r\u0103coritoare \u00eentr-o sticl\u0103 verde distinctiv\u0103 - aceasta este berea Lech produs\u0103 la Lech Browary Wielkopolski. Lech este un brand pentru oameni extroverti\u021bi \u0219i moderni, cu atitudine pozitiv\u0103. Bere pentru cei c\u0103rora le place s\u0103 \u00eencerce lucruri noi. De aceea, familia Lech include nu numai r\u0103coritoarea bere blond\u0103 Lech Premium, ci \u0219i amestecuri de bere (Lech Ice Mojito), bere blond\u0103 f\u0103r\u0103 alcool (Lech Free \u0219i Lech Free Limonka z Mi\u0119t\u0105) \u0219i o bere pilsner disponibil\u0103 local (Lech Pils).<\/p>","protected":false},"excerpt":{"rendered":"<p>P\u00e2n\u0103 \u00een prezent, ea este fabricat\u0103 din doar trei ingrediente provenind din acelea\u0219i regiuni cehe: ap\u0103 moale Pilsen, mal\u021b de orz u\u0219or \u0219i hamei Saaz. B\u0103utur\u0103 r\u0103coritoare \u00eentr-o sticl\u0103 verde distinctiv\u0103 - aceasta este berea Lech produs\u0103 la Lech Browary Wielkopolski. Lech este un brand pentru oameni extroverti\u021bi \u0219i moderni, cu atitudine pozitiv\u0103. Berea [...]<\/p>","protected":false},"featured_media":138,"comment_status":"open","ping_status":"closed","template":"","meta":[],"product_brand":[],"product_cat":[20],"product_tag":[],"class_list":{"0":"post-179","1":"product","2":"type-product","3":"status-publish","4":"has-post-thumbnail","6":"product_cat-beer","8":"first","9":"instock","10":"shipping-taxable","11":"product-type-simple"},"_links":{"self":[{"href":"https:\/\/supernovatrading.eu\/ro\/wp-json\/wp\/v2\/product\/179","targetHints":{"allow":["GET"]}}],"collection":[{"href":"https:\/\/supernovatrading.eu\/ro\/wp-json\/wp\/v2\/product"}],"about":[{"href":"https:\/\/supernovatrading.eu\/ro\/wp-json\/wp\/v2\/types\/product"}],"replies":[{"embeddable":true,"href":"https:\/\/supernovatrading.eu\/ro\/wp-json\/wp\/v2\/comments?post=179"}],"version-history":[{"count":1,"href":"https:\/\/supernovatrading.eu\/ro\/wp-json\/wp\/v2\/product\/179\/revisions"}],"predecessor-version":[{"id":180,"href":"https:\/\/supernovatrading.eu\/ro\/wp-json\/wp\/v2\/product\/179\/revisions\/180"}],"wp:featuredmedia":[{"embeddable":true,"href":"https:\/\/supernovatrading.eu\/ro\/wp-json\/wp\/v2\/media\/138"}],"wp:attachment":[{"href":"https:\/\/supernovatrading.eu\/ro\/wp-json\/wp\/v2\/media?parent=179"}],"wp:term":[{"taxonomy":"product_brand","embeddable":true,"href":"https:\/\/supernovatrading.eu\/ro\/wp-json\/wp\/v2\/product_brand?post=179"},{"taxonomy":"product_cat","embeddable":true,"href":"https:\/\/supernovatrading.eu\/ro\/wp-json\/wp\/v2\/product_cat?post=179"},{"taxonomy":"product_tag","embeddable":true,"href":"https:\/\/supernovatrading.eu\/ro\/wp-json\/wp\/v2\/product_tag?post=179"}],"curies":[{"name":"wp","href":"https:\/\/api.w.org\/{rel}","templated":true}]}}