{"id":177,"date":"2025-07-11T20:54:51","date_gmt":"2025-07-11T20:54:51","guid":{"rendered":"https:\/\/supernovatrading.eu\/?post_type=product&#038;p=177"},"modified":"2025-07-11T20:54:51","modified_gmt":"2025-07-11T20:54:51","slug":"zywiec-beer","status":"publish","type":"product","link":"https:\/\/supernovatrading.eu\/ro\/produs\/zywiec-beer\/","title":{"rendered":"Bere Zywiec"},"content":{"rendered":"<p>Zywiec este fabricat\u0103 dup\u0103 tradi\u021bii care dateaz\u0103 din Evul Mediu \u00een Polonia, ingredientele folosite fiind orzul maltat, hameiul \u0219i apa de izvor de munte. Cea mai faimoas\u0103 bere Zywiec este considerat\u0103 o ale.<\/p>\n<p>Fabricat\u0103 cu ingrediente premium: Apa natural\u0103 de izvor, mal\u021bul de orz \u0219i hameiul Saaz creeaz\u0103 o experien\u021b\u0103 autentic\u0103 de bere polonez\u0103.<\/p>","protected":false},"excerpt":{"rendered":"<p>Zywiec este fabricat\u0103 dup\u0103 tradi\u021bii care dateaz\u0103 din Evul Mediu \u00een Polonia, ingredientele folosite fiind orzul maltat, hameiul \u0219i apa de izvor de munte. Cea mai faimoas\u0103 bere Zywiec este considerat\u0103 o ale. Fabricat\u0103 cu ingrediente premium: Apa natural\u0103 de izvor, mal\u021bul de orz \u0219i hameiul Saaz creeaz\u0103 o experien\u021b\u0103 autentic\u0103 de bere polonez\u0103.<\/p>","protected":false},"featured_media":57,"comment_status":"open","ping_status":"closed","template":"","meta":[],"product_brand":[],"product_cat":[20],"product_tag":[],"class_list":{"0":"post-177","1":"product","2":"type-product","3":"status-publish","4":"has-post-thumbnail","6":"product_cat-beer","8":"first","9":"instock","10":"shipping-taxable","11":"product-type-simple"},"_links":{"self":[{"href":"https:\/\/supernovatrading.eu\/ro\/wp-json\/wp\/v2\/product\/177","targetHints":{"allow":["GET"]}}],"collection":[{"href":"https:\/\/supernovatrading.eu\/ro\/wp-json\/wp\/v2\/product"}],"about":[{"href":"https:\/\/supernovatrading.eu\/ro\/wp-json\/wp\/v2\/types\/product"}],"replies":[{"embeddable":true,"href":"https:\/\/supernovatrading.eu\/ro\/wp-json\/wp\/v2\/comments?post=177"}],"version-history":[{"count":1,"href":"https:\/\/supernovatrading.eu\/ro\/wp-json\/wp\/v2\/product\/177\/revisions"}],"predecessor-version":[{"id":178,"href":"https:\/\/supernovatrading.eu\/ro\/wp-json\/wp\/v2\/product\/177\/revisions\/178"}],"wp:featuredmedia":[{"embeddable":true,"href":"https:\/\/supernovatrading.eu\/ro\/wp-json\/wp\/v2\/media\/57"}],"wp:attachment":[{"href":"https:\/\/supernovatrading.eu\/ro\/wp-json\/wp\/v2\/media?parent=177"}],"wp:term":[{"taxonomy":"product_brand","embeddable":true,"href":"https:\/\/supernovatrading.eu\/ro\/wp-json\/wp\/v2\/product_brand?post=177"},{"taxonomy":"product_cat","embeddable":true,"href":"https:\/\/supernovatrading.eu\/ro\/wp-json\/wp\/v2\/product_cat?post=177"},{"taxonomy":"product_tag","embeddable":true,"href":"https:\/\/supernovatrading.eu\/ro\/wp-json\/wp\/v2\/product_tag?post=177"}],"curies":[{"name":"wp","href":"https:\/\/api.w.org\/{rel}","templated":true}]}}