{"id":175,"date":"2025-07-11T20:52:51","date_gmt":"2025-07-11T20:52:51","guid":{"rendered":"https:\/\/supernovatrading.eu\/?post_type=product&#038;p=175"},"modified":"2025-07-11T20:52:52","modified_gmt":"2025-07-11T20:52:52","slug":"carlsberg","status":"publish","type":"product","link":"https:\/\/supernovatrading.eu\/ro\/produs\/carlsberg\/","title":{"rendered":"Carlsberg"},"content":{"rendered":"<p>Cea mai bun\u0103 bere din lume? Probabil c\u0103 da. N\u0103scut\u0103 \u00een 1847 de la vizionarul berar \u0219i om de \u0219tiin\u021b\u0103 J. C. Jacobsen, fondatorul Carlsberg. Pilsner danez perfect echilibrat, cu gust rece \u0219i plin \u0219i arom\u0103 discret\u0103 de hamei.<\/p>\n<p>Acest produs con\u021bine alcool. Trebuie s\u0103 ave\u021bi 18 ani sau mai mult pentru a achizi\u021biona acest produs.<\/p>\n<p><strong>Ingrediente<\/strong><br \/>\nAp\u0103, mal\u021b de orz, hamei, drojdie. Pentru alergeni, a se vedea ingredientele \u00een bold.<\/p>\n<p>P\u0103stra\u021bi \u00eentr-un loc r\u0103coros \u0219i uscat.<\/p>","protected":false},"excerpt":{"rendered":"<p>Cea mai bun\u0103 bere din lume? Probabil c\u0103 da. N\u0103scut\u0103 \u00een 1847 de la vizionarul berar \u0219i om de \u0219tiin\u021b\u0103 J. C. Jacobsen, fondatorul Carlsberg. Pilsner danez perfect echilibrat, cu gust rece \u0219i plin \u0219i arom\u0103 discret\u0103 de hamei. Acest produs con\u021bine alcool. Trebuie s\u0103 ave\u021bi 18 ani sau mai mult pentru a cump\u0103ra acest produs. Ingrediente Ap\u0103, mal\u021b de orz, hamei, drojdie. Pentru [...]<\/p>","protected":false},"featured_media":133,"comment_status":"open","ping_status":"closed","template":"","meta":[],"product_brand":[],"product_cat":[20],"product_tag":[],"class_list":{"0":"post-175","1":"product","2":"type-product","3":"status-publish","4":"has-post-thumbnail","6":"product_cat-beer","8":"first","9":"instock","10":"shipping-taxable","11":"product-type-simple"},"_links":{"self":[{"href":"https:\/\/supernovatrading.eu\/ro\/wp-json\/wp\/v2\/product\/175","targetHints":{"allow":["GET"]}}],"collection":[{"href":"https:\/\/supernovatrading.eu\/ro\/wp-json\/wp\/v2\/product"}],"about":[{"href":"https:\/\/supernovatrading.eu\/ro\/wp-json\/wp\/v2\/types\/product"}],"replies":[{"embeddable":true,"href":"https:\/\/supernovatrading.eu\/ro\/wp-json\/wp\/v2\/comments?post=175"}],"version-history":[{"count":1,"href":"https:\/\/supernovatrading.eu\/ro\/wp-json\/wp\/v2\/product\/175\/revisions"}],"predecessor-version":[{"id":176,"href":"https:\/\/supernovatrading.eu\/ro\/wp-json\/wp\/v2\/product\/175\/revisions\/176"}],"wp:featuredmedia":[{"embeddable":true,"href":"https:\/\/supernovatrading.eu\/ro\/wp-json\/wp\/v2\/media\/133"}],"wp:attachment":[{"href":"https:\/\/supernovatrading.eu\/ro\/wp-json\/wp\/v2\/media?parent=175"}],"wp:term":[{"taxonomy":"product_brand","embeddable":true,"href":"https:\/\/supernovatrading.eu\/ro\/wp-json\/wp\/v2\/product_brand?post=175"},{"taxonomy":"product_cat","embeddable":true,"href":"https:\/\/supernovatrading.eu\/ro\/wp-json\/wp\/v2\/product_cat?post=175"},{"taxonomy":"product_tag","embeddable":true,"href":"https:\/\/supernovatrading.eu\/ro\/wp-json\/wp\/v2\/product_tag?post=175"}],"curies":[{"name":"wp","href":"https:\/\/api.w.org\/{rel}","templated":true}]}}