{"id":173,"date":"2025-07-11T20:51:14","date_gmt":"2025-07-11T20:51:14","guid":{"rendered":"https:\/\/supernovatrading.eu\/?post_type=product&#038;p=173"},"modified":"2025-07-11T20:51:14","modified_gmt":"2025-07-11T20:51:14","slug":"heineken","status":"publish","type":"product","link":"https:\/\/supernovatrading.eu\/ro\/produs\/heineken\/","title":{"rendered":"Heineken"},"content":{"rendered":"<p>Heineken este o bere blond\u0103 premium corpolent\u0103 care a r\u0103mas fidel\u0103 re\u021betei sale originale de familie \u00eenc\u0103 din 1886. Heineken este fabricat\u0103 din cele mai bune ingrediente naturale: ap\u0103, orz maltat \u0219i hamei, precum \u0219i o tulpin\u0103 unic\u0103 de drojdie (drojdie A). Importat\u0103 direct din Amsterdam, Heineken este v\u00e2ndut\u0103 \u00een Canada de Molson \u0219i r\u0103m\u00e2ne una dintre cele mai importante lager importate din \u021bar\u0103.<\/p>","protected":false},"excerpt":{"rendered":"<p>Heineken is a full-bodied premium lager that has remained true to its original family recipe since 1886. Heineken is brewed from the finest of natural ingredients: water, malted barley and hops, and a unique strain of yeast (A-yeast). Imported directly from Amsterdam, Heineken is sold in Canada by Molson and remains one of the country\u2019s [&hellip;]<\/p>","protected":false},"featured_media":137,"comment_status":"open","ping_status":"closed","template":"","meta":[],"product_brand":[],"product_cat":[20],"product_tag":[],"class_list":{"0":"post-173","1":"product","2":"type-product","3":"status-publish","4":"has-post-thumbnail","6":"product_cat-beer","8":"first","9":"instock","10":"shipping-taxable","11":"product-type-simple"},"_links":{"self":[{"href":"https:\/\/supernovatrading.eu\/ro\/wp-json\/wp\/v2\/product\/173","targetHints":{"allow":["GET"]}}],"collection":[{"href":"https:\/\/supernovatrading.eu\/ro\/wp-json\/wp\/v2\/product"}],"about":[{"href":"https:\/\/supernovatrading.eu\/ro\/wp-json\/wp\/v2\/types\/product"}],"replies":[{"embeddable":true,"href":"https:\/\/supernovatrading.eu\/ro\/wp-json\/wp\/v2\/comments?post=173"}],"version-history":[{"count":1,"href":"https:\/\/supernovatrading.eu\/ro\/wp-json\/wp\/v2\/product\/173\/revisions"}],"predecessor-version":[{"id":174,"href":"https:\/\/supernovatrading.eu\/ro\/wp-json\/wp\/v2\/product\/173\/revisions\/174"}],"wp:featuredmedia":[{"embeddable":true,"href":"https:\/\/supernovatrading.eu\/ro\/wp-json\/wp\/v2\/media\/137"}],"wp:attachment":[{"href":"https:\/\/supernovatrading.eu\/ro\/wp-json\/wp\/v2\/media?parent=173"}],"wp:term":[{"taxonomy":"product_brand","embeddable":true,"href":"https:\/\/supernovatrading.eu\/ro\/wp-json\/wp\/v2\/product_brand?post=173"},{"taxonomy":"product_cat","embeddable":true,"href":"https:\/\/supernovatrading.eu\/ro\/wp-json\/wp\/v2\/product_cat?post=173"},{"taxonomy":"product_tag","embeddable":true,"href":"https:\/\/supernovatrading.eu\/ro\/wp-json\/wp\/v2\/product_tag?post=173"}],"curies":[{"name":"wp","href":"https:\/\/api.w.org\/{rel}","templated":true}]}}