{"id":171,"date":"2025-07-11T20:47:22","date_gmt":"2025-07-11T20:47:22","guid":{"rendered":"https:\/\/supernovatrading.eu\/?post_type=product&#038;p=171"},"modified":"2025-07-11T20:49:22","modified_gmt":"2025-07-11T20:49:22","slug":"debowe","status":"publish","type":"product","link":"https:\/\/supernovatrading.eu\/ro\/produs\/debowe\/","title":{"rendered":"Debowe"},"content":{"rendered":"<p>\u00cen timp ce majoritatea romurilor folosesc melas\u0103, Ron Zacapa accept\u0103 doar prima presare a trestiei de zah\u0103r, mierea virgin\u0103 de trestie de zah\u0103r. \u00cen timp ce majoritatea romurilor folosesc melas\u0103, Ron Zacapa accept\u0103 doar prima presare a trestiei de zah\u0103r, mierea virgin\u0103 de trestie de zah\u0103r.<\/p>\n<p><strong>Regiunea:<\/strong><br \/>\nIrlanda<\/p>\n<p><strong>Aroma:<\/strong><br \/>\nPortocal\u0103 amar\u0103, caramel, vanilie, lemn t\u0103iat, funingine<\/p>\n<p><strong>Arome:<\/strong><br \/>\nButterscotch, lemn carbonizat, cui\u0219oare<\/p>\n<p><strong>Caracter:<\/strong><br \/>\nViu, neted<\/p>","protected":false},"excerpt":{"rendered":"<p>While most rums use the by-product molasses, Ron Zacapa accepts only the first press of sugar cane, the virgin sugar cane honey. While most rums use the by-product molasses, Ron Zacapa accepts only the first press of sugar cane, the virgin sugar cane honey. Region: Ireland Aroma: Bitter orange, Toffee, Vanilla, Cut Wood, Soot Flavours: [&hellip;]<\/p>","protected":false},"featured_media":134,"comment_status":"open","ping_status":"closed","template":"","meta":[],"product_brand":[],"product_cat":[20],"product_tag":[],"class_list":{"0":"post-171","1":"product","2":"type-product","3":"status-publish","4":"has-post-thumbnail","6":"product_cat-beer","8":"first","9":"instock","10":"shipping-taxable","11":"product-type-simple"},"_links":{"self":[{"href":"https:\/\/supernovatrading.eu\/ro\/wp-json\/wp\/v2\/product\/171","targetHints":{"allow":["GET"]}}],"collection":[{"href":"https:\/\/supernovatrading.eu\/ro\/wp-json\/wp\/v2\/product"}],"about":[{"href":"https:\/\/supernovatrading.eu\/ro\/wp-json\/wp\/v2\/types\/product"}],"replies":[{"embeddable":true,"href":"https:\/\/supernovatrading.eu\/ro\/wp-json\/wp\/v2\/comments?post=171"}],"version-history":[{"count":1,"href":"https:\/\/supernovatrading.eu\/ro\/wp-json\/wp\/v2\/product\/171\/revisions"}],"predecessor-version":[{"id":172,"href":"https:\/\/supernovatrading.eu\/ro\/wp-json\/wp\/v2\/product\/171\/revisions\/172"}],"wp:featuredmedia":[{"embeddable":true,"href":"https:\/\/supernovatrading.eu\/ro\/wp-json\/wp\/v2\/media\/134"}],"wp:attachment":[{"href":"https:\/\/supernovatrading.eu\/ro\/wp-json\/wp\/v2\/media?parent=171"}],"wp:term":[{"taxonomy":"product_brand","embeddable":true,"href":"https:\/\/supernovatrading.eu\/ro\/wp-json\/wp\/v2\/product_brand?post=171"},{"taxonomy":"product_cat","embeddable":true,"href":"https:\/\/supernovatrading.eu\/ro\/wp-json\/wp\/v2\/product_cat?post=171"},{"taxonomy":"product_tag","embeddable":true,"href":"https:\/\/supernovatrading.eu\/ro\/wp-json\/wp\/v2\/product_tag?post=171"}],"curies":[{"name":"wp","href":"https:\/\/api.w.org\/{rel}","templated":true}]}}