{"id":168,"date":"2025-07-11T20:45:49","date_gmt":"2025-07-11T20:45:49","guid":{"rendered":"https:\/\/supernovatrading.eu\/?post_type=product&#038;p=168"},"modified":"2025-07-11T20:45:49","modified_gmt":"2025-07-11T20:45:49","slug":"zubr-beer","status":"publish","type":"product","link":"https:\/\/supernovatrading.eu\/ro\/produs\/zubr-beer\/","title":{"rendered":"Bere Zubr"},"content":{"rendered":"<p>Zubr este o marc\u0103 polonez\u0103 de bere de fermenta\u021bie inferioar\u0103. Berea a fost fabricat\u0103 \u00een fabrica de bere Dojlidy din Bia\u0142ystok \u00eenc\u0103 din 1768. Are un con\u021binut de alcool de nu mai pu\u021bin de 6%. Ingredientele ap\u0103, orz aurit, zah\u0103r \u0219i hamei \u00eei confer\u0103 o arom\u0103 perfect\u0103.<\/p>","protected":false},"excerpt":{"rendered":"<p>Zubr este o marc\u0103 polonez\u0103 de bere de fermenta\u021bie inferioar\u0103. Berea a fost fabricat\u0103 \u00een fabrica de bere Dojlidy din Bia\u0142ystok \u00eenc\u0103 din 1768. Are un con\u021binut de alcool de nu mai pu\u021bin de 6%. Ingredientele ap\u0103, orz aurit, zah\u0103r \u0219i hamei \u00eei confer\u0103 o arom\u0103 perfect\u0103.<\/p>","protected":false},"featured_media":144,"comment_status":"open","ping_status":"closed","template":"","meta":[],"product_brand":[],"product_cat":[20],"product_tag":[],"class_list":{"0":"post-168","1":"product","2":"type-product","3":"status-publish","4":"has-post-thumbnail","6":"product_cat-beer","8":"first","9":"instock","10":"shipping-taxable","11":"product-type-simple"},"_links":{"self":[{"href":"https:\/\/supernovatrading.eu\/ro\/wp-json\/wp\/v2\/product\/168","targetHints":{"allow":["GET"]}}],"collection":[{"href":"https:\/\/supernovatrading.eu\/ro\/wp-json\/wp\/v2\/product"}],"about":[{"href":"https:\/\/supernovatrading.eu\/ro\/wp-json\/wp\/v2\/types\/product"}],"replies":[{"embeddable":true,"href":"https:\/\/supernovatrading.eu\/ro\/wp-json\/wp\/v2\/comments?post=168"}],"version-history":[{"count":1,"href":"https:\/\/supernovatrading.eu\/ro\/wp-json\/wp\/v2\/product\/168\/revisions"}],"predecessor-version":[{"id":170,"href":"https:\/\/supernovatrading.eu\/ro\/wp-json\/wp\/v2\/product\/168\/revisions\/170"}],"wp:featuredmedia":[{"embeddable":true,"href":"https:\/\/supernovatrading.eu\/ro\/wp-json\/wp\/v2\/media\/144"}],"wp:attachment":[{"href":"https:\/\/supernovatrading.eu\/ro\/wp-json\/wp\/v2\/media?parent=168"}],"wp:term":[{"taxonomy":"product_brand","embeddable":true,"href":"https:\/\/supernovatrading.eu\/ro\/wp-json\/wp\/v2\/product_brand?post=168"},{"taxonomy":"product_cat","embeddable":true,"href":"https:\/\/supernovatrading.eu\/ro\/wp-json\/wp\/v2\/product_cat?post=168"},{"taxonomy":"product_tag","embeddable":true,"href":"https:\/\/supernovatrading.eu\/ro\/wp-json\/wp\/v2\/product_tag?post=168"}],"curies":[{"name":"wp","href":"https:\/\/api.w.org\/{rel}","templated":true}]}}