{"id":166,"date":"2025-07-11T20:43:00","date_gmt":"2025-07-11T20:43:00","guid":{"rendered":"https:\/\/supernovatrading.eu\/?post_type=product&#038;p=166"},"modified":"2025-07-11T20:43:00","modified_gmt":"2025-07-11T20:43:00","slug":"tyskie-grand-prix","status":"publish","type":"product","link":"https:\/\/supernovatrading.eu\/ro\/produs\/tyskie-grand-prix\/","title":{"rendered":"Marele Premiu Tyskie"},"content":{"rendered":"<p>O lager polonez\u0103 emblematic\u0103 care se num\u0103r\u0103 de ani de zile printre berile preferate ale polonezilor. Provine din Tyskie Browary Ksi\u0105\u017c\u0119ce, unde berea este fabricat\u0103 ne\u00eentrerupt de aproape 400 de ani.<\/p>\n<p>Familia Tyskie cuprinde urm\u0103toarele variante: lager clasic, auriu (Tyskie Gronie), nepasteurizat (Tyskie Niepasteryzowane chmielone na zimno), neprocesat servit dintr-un rezervor (14-Day Tyskie Gronie), slab alcoolizat (Tyskie Jasne Lekkie), amestec de bere \u0219i gust de l\u0103m\u00e2i proaspete (Tyskie Radler).<\/p>","protected":false},"excerpt":{"rendered":"<p>An iconic Polish lager that has been among Poles\u2019 favourite beers for years. It comes from Tyskie Browary Ksi\u0105\u017c\u0119ce, where beer has been brewed uninterruptedly for nearly 400 years. The Tyskie family encompasses the following variants: classic, golden lager (Tyskie Gronie), unpasteurized (Tyskie Niepasteryzowane chmielone na zimno), unprocessed served from a tank (14-Day Tyskie Gronie), [&hellip;]<\/p>","protected":false},"featured_media":142,"comment_status":"open","ping_status":"closed","template":"","meta":[],"product_brand":[],"product_cat":[20],"product_tag":[],"class_list":{"0":"post-166","1":"product","2":"type-product","3":"status-publish","4":"has-post-thumbnail","6":"product_cat-beer","8":"first","9":"instock","10":"shipping-taxable","11":"product-type-simple"},"_links":{"self":[{"href":"https:\/\/supernovatrading.eu\/ro\/wp-json\/wp\/v2\/product\/166","targetHints":{"allow":["GET"]}}],"collection":[{"href":"https:\/\/supernovatrading.eu\/ro\/wp-json\/wp\/v2\/product"}],"about":[{"href":"https:\/\/supernovatrading.eu\/ro\/wp-json\/wp\/v2\/types\/product"}],"replies":[{"embeddable":true,"href":"https:\/\/supernovatrading.eu\/ro\/wp-json\/wp\/v2\/comments?post=166"}],"version-history":[{"count":1,"href":"https:\/\/supernovatrading.eu\/ro\/wp-json\/wp\/v2\/product\/166\/revisions"}],"predecessor-version":[{"id":167,"href":"https:\/\/supernovatrading.eu\/ro\/wp-json\/wp\/v2\/product\/166\/revisions\/167"}],"wp:featuredmedia":[{"embeddable":true,"href":"https:\/\/supernovatrading.eu\/ro\/wp-json\/wp\/v2\/media\/142"}],"wp:attachment":[{"href":"https:\/\/supernovatrading.eu\/ro\/wp-json\/wp\/v2\/media?parent=166"}],"wp:term":[{"taxonomy":"product_brand","embeddable":true,"href":"https:\/\/supernovatrading.eu\/ro\/wp-json\/wp\/v2\/product_brand?post=166"},{"taxonomy":"product_cat","embeddable":true,"href":"https:\/\/supernovatrading.eu\/ro\/wp-json\/wp\/v2\/product_cat?post=166"},{"taxonomy":"product_tag","embeddable":true,"href":"https:\/\/supernovatrading.eu\/ro\/wp-json\/wp\/v2\/product_tag?post=166"}],"curies":[{"name":"wp","href":"https:\/\/api.w.org\/{rel}","templated":true}]}}