{"id":164,"date":"2025-07-11T20:41:34","date_gmt":"2025-07-11T20:41:34","guid":{"rendered":"https:\/\/supernovatrading.eu\/?post_type=product&#038;p=164"},"modified":"2025-07-11T20:41:34","modified_gmt":"2025-07-11T20:41:34","slug":"okocim","status":"publish","type":"product","link":"https:\/\/supernovatrading.eu\/ro\/produs\/okocim\/","title":{"rendered":"Okocim"},"content":{"rendered":"<p>Fabrica de bere Okocim a fost \u00eenfiin\u021bat\u0103 \u00een 1845 de Johann Evangelist G\u00f6tz, care s-a n\u0103scut \u00een Wirtemberg \u00een 1815. Fiul s\u0103u, Jan Albin, a extins afacerea familiei, s-a c\u0103s\u0103torit cu o aristocrat\u0103 polonez\u0103 \u0219i \u0219i-a schimbat numele \u00een Goetz-Okocimski. \u00cen 1945, fabrica de bere a fost na\u021bionalizat\u0103, apoi reprivatizat\u0103 \u00een anii 1990.<\/p>\n<p>Calitatea sa deriv\u0103 dintr-o re\u021bet\u0103 care \u00eencorporeaz\u0103 cele mai bune soiuri de hamei indigene poloneze, orz maltat \u0219i ap\u0103 pur\u0103 de izvor din mun\u021bii Tatra.<\/p>","protected":false},"excerpt":{"rendered":"<p>Okocim Brewery was established in 1845 by Johann Evangelist G\u00f6tz, who was born in Wirtemberg in 1815. His son Jan Albin expanded the family business, married a Polish aristocrat, and changed his name to Goetz-Okocimski. In 1945 the brewery was nationalised, then reprivatised in the 1990s. It derives its quality from a recipe which incorporates [&hellip;]<\/p>","protected":false},"featured_media":140,"comment_status":"open","ping_status":"closed","template":"","meta":[],"product_brand":[],"product_cat":[20],"product_tag":[],"class_list":{"0":"post-164","1":"product","2":"type-product","3":"status-publish","4":"has-post-thumbnail","6":"product_cat-beer","8":"first","9":"instock","10":"shipping-taxable","11":"product-type-simple"},"_links":{"self":[{"href":"https:\/\/supernovatrading.eu\/ro\/wp-json\/wp\/v2\/product\/164","targetHints":{"allow":["GET"]}}],"collection":[{"href":"https:\/\/supernovatrading.eu\/ro\/wp-json\/wp\/v2\/product"}],"about":[{"href":"https:\/\/supernovatrading.eu\/ro\/wp-json\/wp\/v2\/types\/product"}],"replies":[{"embeddable":true,"href":"https:\/\/supernovatrading.eu\/ro\/wp-json\/wp\/v2\/comments?post=164"}],"version-history":[{"count":1,"href":"https:\/\/supernovatrading.eu\/ro\/wp-json\/wp\/v2\/product\/164\/revisions"}],"predecessor-version":[{"id":165,"href":"https:\/\/supernovatrading.eu\/ro\/wp-json\/wp\/v2\/product\/164\/revisions\/165"}],"wp:featuredmedia":[{"embeddable":true,"href":"https:\/\/supernovatrading.eu\/ro\/wp-json\/wp\/v2\/media\/140"}],"wp:attachment":[{"href":"https:\/\/supernovatrading.eu\/ro\/wp-json\/wp\/v2\/media?parent=164"}],"wp:term":[{"taxonomy":"product_brand","embeddable":true,"href":"https:\/\/supernovatrading.eu\/ro\/wp-json\/wp\/v2\/product_brand?post=164"},{"taxonomy":"product_cat","embeddable":true,"href":"https:\/\/supernovatrading.eu\/ro\/wp-json\/wp\/v2\/product_cat?post=164"},{"taxonomy":"product_tag","embeddable":true,"href":"https:\/\/supernovatrading.eu\/ro\/wp-json\/wp\/v2\/product_tag?post=164"}],"curies":[{"name":"wp","href":"https:\/\/api.w.org\/{rel}","templated":true}]}}