{"id":162,"date":"2025-07-11T20:40:31","date_gmt":"2025-07-11T20:40:31","guid":{"rendered":"https:\/\/supernovatrading.eu\/?post_type=product&#038;p=162"},"modified":"2025-07-11T20:40:31","modified_gmt":"2025-07-11T20:40:31","slug":"fosters","status":"publish","type":"product","link":"https:\/\/supernovatrading.eu\/ro\/produs\/fosters\/","title":{"rendered":"Foster's"},"content":{"rendered":"<p>Foster este o bere lager u\u0219or de b\u0103ut, perfect echilibrat\u0103, cu note moderate de vanilie. F\u0103r\u0103 margini dure sau postgust amar, ofer\u0103 r\u0103corirea suprem\u0103 \u00een orice moment al anului. Berea este fabricat\u0103 din \u0219ase ingrediente simple (ap\u0103, orz maltat, sirop de glucoz\u0103, orz, hamei, extract de hamei), iar procesul de fabricare este acela\u0219i \u0219i ast\u0103zi ca atunci c\u00e2nd fra\u021bii Foster au fabricat-o pentru prima dat\u0103 \u00een 1888.<\/p>\n<p>Fondat\u0103 de William \u0219i Ralph Foster \u00een 1888, FOSTER'S \u0219i-a f\u0103cut rapid un nume \u00een ora\u0219ul s\u0103u natal, Melbourne. \u00cenlocuind berile coloniale pe care pomii le aduseser\u0103 cu ei, australienii au \u00eendr\u0103git gustul crocant \u0219i r\u0103corirea rece ca ghea\u021ba oferite de berea FOSTER'S.<\/p>","protected":false},"excerpt":{"rendered":"<p>Foster\u2019s an easy-drinking lager that is perfectly balanced with moderate vanilla tasting notes. With no hard edges or bitter aftertaste, it delivers ultimate refreshment at any time of year. The beer is made with six simple ingredients (water, malted barley, glucose syrup, barley, hops, hop extract), and the brewing process is the same today as [&hellip;]<\/p>","protected":false},"featured_media":135,"comment_status":"open","ping_status":"closed","template":"","meta":[],"product_brand":[],"product_cat":[20],"product_tag":[],"class_list":{"0":"post-162","1":"product","2":"type-product","3":"status-publish","4":"has-post-thumbnail","6":"product_cat-beer","8":"first","9":"instock","10":"shipping-taxable","11":"product-type-simple"},"_links":{"self":[{"href":"https:\/\/supernovatrading.eu\/ro\/wp-json\/wp\/v2\/product\/162","targetHints":{"allow":["GET"]}}],"collection":[{"href":"https:\/\/supernovatrading.eu\/ro\/wp-json\/wp\/v2\/product"}],"about":[{"href":"https:\/\/supernovatrading.eu\/ro\/wp-json\/wp\/v2\/types\/product"}],"replies":[{"embeddable":true,"href":"https:\/\/supernovatrading.eu\/ro\/wp-json\/wp\/v2\/comments?post=162"}],"version-history":[{"count":1,"href":"https:\/\/supernovatrading.eu\/ro\/wp-json\/wp\/v2\/product\/162\/revisions"}],"predecessor-version":[{"id":163,"href":"https:\/\/supernovatrading.eu\/ro\/wp-json\/wp\/v2\/product\/162\/revisions\/163"}],"wp:featuredmedia":[{"embeddable":true,"href":"https:\/\/supernovatrading.eu\/ro\/wp-json\/wp\/v2\/media\/135"}],"wp:attachment":[{"href":"https:\/\/supernovatrading.eu\/ro\/wp-json\/wp\/v2\/media?parent=162"}],"wp:term":[{"taxonomy":"product_brand","embeddable":true,"href":"https:\/\/supernovatrading.eu\/ro\/wp-json\/wp\/v2\/product_brand?post=162"},{"taxonomy":"product_cat","embeddable":true,"href":"https:\/\/supernovatrading.eu\/ro\/wp-json\/wp\/v2\/product_cat?post=162"},{"taxonomy":"product_tag","embeddable":true,"href":"https:\/\/supernovatrading.eu\/ro\/wp-json\/wp\/v2\/product_tag?post=162"}],"curies":[{"name":"wp","href":"https:\/\/api.w.org\/{rel}","templated":true}]}}