{"id":160,"date":"2025-07-11T20:33:19","date_gmt":"2025-07-11T20:33:19","guid":{"rendered":"https:\/\/supernovatrading.eu\/?post_type=product&#038;p=160"},"modified":"2025-07-11T20:38:13","modified_gmt":"2025-07-11T20:38:13","slug":"holsten","status":"publish","type":"product","link":"https:\/\/supernovatrading.eu\/ro\/produs\/holsten\/","title":{"rendered":"Holsten"},"content":{"rendered":"<p>Con\u021bine ap\u0103, orz maltat, sirop de glucoz\u0103 \u0219i hamei. \u00cen Germania este cunoscut\u0103 sub numele de Holsten Pilsener \u0219i are un con\u021binut de alcool de 4,8% \u00een volum. Produc\u021bia de Holsten Pils a \u00eenceput \u00een Northampton mar\u021bi, 1 noiembrie 2005. \u00cen mai 2006, Carlsberg a lansat o versiune la draught a Holsten Pils \u00eentr-un butoi de 30 de litri.<\/p>\n<p>Holsten Pils este o bere lager cu gust de calitate superioar\u0103, fabricat\u0103 folosind numai ingrediente naturale pure, de cea mai bun\u0103 calitate - hamei, mal\u021b de orz \u0219i ap\u0103 de izvor. Aroma distinctiv\u0103, r\u0103coritoare \u0219i gustul unic fac ca Holsten Pils s\u0103 ias\u0103 din mul\u021bime.<\/p>","protected":false},"excerpt":{"rendered":"<p>It contains water, malted barley, glucose syrup and hops. In Germany it is known as Holsten Pilsener and is 4.8% alcohol by volume. Production of Holsten Pils began in Northampton on Tuesday 1 November 2005. In May 2006 Carlsberg launched a draught version of Holsten Pils in a 30-litre keg. Holsten Pils is a great [&hellip;]<\/p>","protected":false},"featured_media":55,"comment_status":"open","ping_status":"closed","template":"","meta":[],"product_brand":[],"product_cat":[20],"product_tag":[],"class_list":{"0":"post-160","1":"product","2":"type-product","3":"status-publish","4":"has-post-thumbnail","6":"product_cat-beer","8":"first","9":"instock","10":"shipping-taxable","11":"product-type-simple"},"_links":{"self":[{"href":"https:\/\/supernovatrading.eu\/ro\/wp-json\/wp\/v2\/product\/160","targetHints":{"allow":["GET"]}}],"collection":[{"href":"https:\/\/supernovatrading.eu\/ro\/wp-json\/wp\/v2\/product"}],"about":[{"href":"https:\/\/supernovatrading.eu\/ro\/wp-json\/wp\/v2\/types\/product"}],"replies":[{"embeddable":true,"href":"https:\/\/supernovatrading.eu\/ro\/wp-json\/wp\/v2\/comments?post=160"}],"version-history":[{"count":1,"href":"https:\/\/supernovatrading.eu\/ro\/wp-json\/wp\/v2\/product\/160\/revisions"}],"predecessor-version":[{"id":161,"href":"https:\/\/supernovatrading.eu\/ro\/wp-json\/wp\/v2\/product\/160\/revisions\/161"}],"wp:featuredmedia":[{"embeddable":true,"href":"https:\/\/supernovatrading.eu\/ro\/wp-json\/wp\/v2\/media\/55"}],"wp:attachment":[{"href":"https:\/\/supernovatrading.eu\/ro\/wp-json\/wp\/v2\/media?parent=160"}],"wp:term":[{"taxonomy":"product_brand","embeddable":true,"href":"https:\/\/supernovatrading.eu\/ro\/wp-json\/wp\/v2\/product_brand?post=160"},{"taxonomy":"product_cat","embeddable":true,"href":"https:\/\/supernovatrading.eu\/ro\/wp-json\/wp\/v2\/product_cat?post=160"},{"taxonomy":"product_tag","embeddable":true,"href":"https:\/\/supernovatrading.eu\/ro\/wp-json\/wp\/v2\/product_tag?post=160"}],"curies":[{"name":"wp","href":"https:\/\/api.w.org\/{rel}","templated":true}]}}