{"id":51,"date":"2025-07-11T16:26:15","date_gmt":"2025-07-11T16:26:15","guid":{"rendered":"https:\/\/supernovatrading.eu\/?page_id=51"},"modified":"2025-07-11T17:46:54","modified_gmt":"2025-07-11T17:46:54","slug":"our-history","status":"publish","type":"page","link":"https:\/\/supernovatrading.eu\/ro\/our-history\/","title":{"rendered":"Istoria noastr\u0103"},"content":{"rendered":"<div data-elementor-type=\"wp-page\" data-elementor-id=\"51\" class=\"elementor elementor-51\" data-elementor-post-type=\"page\">\n\t\t\t\t<div class=\"elementor-element elementor-element-d837921 e-flex e-con-boxed e-con e-parent\" data-id=\"d837921\" data-element_type=\"container\" data-e-type=\"container\" data-settings=\"{&quot;background_background&quot;:&quot;classic&quot;,&quot;ekit_has_onepagescroll_dot&quot;:&quot;yes&quot;}\">\n\t\t\t\t\t<div class=\"e-con-inner\">\n\t\t\t\t<div class=\"elementor-element elementor-element-37c1d08 elementor-widget elementor-widget-heading\" data-id=\"37c1d08\" data-element_type=\"widget\" data-e-type=\"widget\" data-settings=\"{&quot;ekit_we_effect_on&quot;:&quot;none&quot;}\" data-widget_type=\"heading.default\">\n\t\t\t\t\t<h1 class=\"elementor-heading-title elementor-size-default\">ISTORICUL NOSTRU<\/h1>\t\t\t\t<\/div>\n\t\t\t\t<div class=\"elementor-element elementor-element-02c754f elementor-widget__width-initial elementor-widget elementor-widget-elementskit-client-logo\" data-id=\"02c754f\" data-element_type=\"widget\" data-e-type=\"widget\" data-settings=\"{&quot;ekit_we_effect_on&quot;:&quot;none&quot;}\" data-widget_type=\"elementskit-client-logo.default\">\n\t\t\t\t\t<div class=\"ekit-wid-con\" >\t\t<div class=\"elementskit-clients-slider  simple_logo_image\" data-config=\"{&quot;rtl&quot;:false,&quot;arrows&quot;:false,&quot;dots&quot;:false,&quot;autoplay&quot;:true,&quot;speed&quot;:1000,&quot;slidesPerView&quot;:3,&quot;slidesPerGroup&quot;:1,&quot;pauseOnHover&quot;:true,&quot;loop&quot;:false,&quot;breakpoints&quot;:{&quot;320&quot;:{&quot;slidesPerView&quot;:1,&quot;slidesPerGroup&quot;:1,&quot;spaceBetween&quot;:10},&quot;768&quot;:{&quot;slidesPerView&quot;:2,&quot;slidesPerGroup&quot;:1,&quot;spaceBetween&quot;:10},&quot;1024&quot;:{&quot;slidesPerView&quot;:3,&quot;slidesPerGroup&quot;:1,&quot;spaceBetween&quot;:15}}}\" data-direction=\"\">\n\t\t\t<div class=\"ekit-main-swiper swiper\">\n\t\t\t\t<div class=\"swiper-wrapper\">\n\t\t\t\t\t\t\t\t\t\t\t<div class=\"elementskit-client-slider-item swiper-slide\">\n\t\t\t\t\t\t\t<div class=\"swiper-slide-inner\">\n\t\t\t\t\t\t\t\t<div class=\"single-client image-switcher\" title=\"\">\n\t\t\t\t\t\t\t\t\t\t\t\t\t\t\t\t\t\t\t<div class=\"content-image\">\n\t\t\t\t\t\t\t\t\t\t\t<img fetchpriority=\"high\" decoding=\"async\" width=\"500\" height=\"500\" src=\"https:\/\/supernovatrading.eu\/wp-content\/uploads\/2025\/07\/Logo_Silver.png\" class=\"\" alt=\"\" srcset=\"https:\/\/supernovatrading.eu\/wp-content\/uploads\/2025\/07\/Logo_Silver.png 500w, https:\/\/supernovatrading.eu\/wp-content\/uploads\/2025\/07\/Logo_Silver-300x300.png 300w, https:\/\/supernovatrading.eu\/wp-content\/uploads\/2025\/07\/Logo_Silver-150x150.png 150w, https:\/\/supernovatrading.eu\/wp-content\/uploads\/2025\/07\/Logo_Silver-100x100.png 100w\" sizes=\"(max-width: 500px) 100vw, 500px\" \/>\t\t\t\t\t\t\t\t\t\t<\/div>\n\t\t\t\t\t\t\t\t\t\t\t\t\t\t\t\t\t<\/div>\n\t\t\t\t\t\t\t<\/div>\n\t\t\t\t\t\t<\/div>\n\t\t\t\t\t\t\t\t\t\t\t<div class=\"elementskit-client-slider-item swiper-slide\">\n\t\t\t\t\t\t\t<div class=\"swiper-slide-inner\">\n\t\t\t\t\t\t\t\t<div class=\"single-client image-switcher\" title=\"\">\n\t\t\t\t\t\t\t\t\t\t\t\t\t\t\t\t\t\t\t<div class=\"content-image\">\n\t\t\t\t\t\t\t\t\t\t\t<img decoding=\"async\" width=\"300\" height=\"300\" src=\"https:\/\/supernovatrading.eu\/wp-content\/uploads\/2025\/07\/zywiec-beer-vector-logo-300x300-1.png\" class=\"\" alt=\"\" srcset=\"https:\/\/supernovatrading.eu\/wp-content\/uploads\/2025\/07\/zywiec-beer-vector-logo-300x300-1.png 300w, https:\/\/supernovatrading.eu\/wp-content\/uploads\/2025\/07\/zywiec-beer-vector-logo-300x300-1-150x150.png 150w, https:\/\/supernovatrading.eu\/wp-content\/uploads\/2025\/07\/zywiec-beer-vector-logo-300x300-1-100x100.png 100w\" sizes=\"(max-width: 300px) 100vw, 300px\" \/>\t\t\t\t\t\t\t\t\t\t<\/div>\n\t\t\t\t\t\t\t\t\t\t\t\t\t\t\t\t\t<\/div>\n\t\t\t\t\t\t\t<\/div>\n\t\t\t\t\t\t<\/div>\n\t\t\t\t\t\t\t\t\t\t\t<div class=\"elementskit-client-slider-item swiper-slide\">\n\t\t\t\t\t\t\t<div class=\"swiper-slide-inner\">\n\t\t\t\t\t\t\t\t<div class=\"single-client image-switcher\" title=\"\">\n\t\t\t\t\t\t\t\t\t\t\t\t\t\t\t\t\t\t\t<div class=\"content-image\">\n\t\t\t\t\t\t\t\t\t\t\t<img decoding=\"async\" width=\"300\" height=\"300\" src=\"https:\/\/supernovatrading.eu\/wp-content\/uploads\/2025\/07\/hardys-300x300-1.png\" class=\"\" alt=\"\" srcset=\"https:\/\/supernovatrading.eu\/wp-content\/uploads\/2025\/07\/hardys-300x300-1.png 300w, https:\/\/supernovatrading.eu\/wp-content\/uploads\/2025\/07\/hardys-300x300-1-150x150.png 150w, https:\/\/supernovatrading.eu\/wp-content\/uploads\/2025\/07\/hardys-300x300-1-100x100.png 100w\" sizes=\"(max-width: 300px) 100vw, 300px\" \/>\t\t\t\t\t\t\t\t\t\t<\/div>\n\t\t\t\t\t\t\t\t\t\t\t\t\t\t\t\t\t<\/div>\n\t\t\t\t\t\t\t<\/div>\n\t\t\t\t\t\t<\/div>\n\t\t\t\t\t\t\t\t\t\t\t<div class=\"elementskit-client-slider-item swiper-slide\">\n\t\t\t\t\t\t\t<div class=\"swiper-slide-inner\">\n\t\t\t\t\t\t\t\t<div class=\"single-client image-switcher\" title=\"\">\n\t\t\t\t\t\t\t\t\t\t\t\t\t\t\t\t\t\t\t<div class=\"content-image\">\n\t\t\t\t\t\t\t\t\t\t\t<img loading=\"lazy\" decoding=\"async\" width=\"2560\" height=\"2560\" src=\"https:\/\/supernovatrading.eu\/wp-content\/uploads\/2025\/07\/holsten-logo-scaled.png\" class=\"\" alt=\"\" srcset=\"https:\/\/supernovatrading.eu\/wp-content\/uploads\/2025\/07\/holsten-logo-scaled.png 2560w, https:\/\/supernovatrading.eu\/wp-content\/uploads\/2025\/07\/holsten-logo-300x300.png 300w, https:\/\/supernovatrading.eu\/wp-content\/uploads\/2025\/07\/holsten-logo-1024x1024.png 1024w, https:\/\/supernovatrading.eu\/wp-content\/uploads\/2025\/07\/holsten-logo-150x150.png 150w, https:\/\/supernovatrading.eu\/wp-content\/uploads\/2025\/07\/holsten-logo-768x768.png 768w, https:\/\/supernovatrading.eu\/wp-content\/uploads\/2025\/07\/holsten-logo-1536x1536.png 1536w, https:\/\/supernovatrading.eu\/wp-content\/uploads\/2025\/07\/holsten-logo-2048x2048.png 2048w, https:\/\/supernovatrading.eu\/wp-content\/uploads\/2025\/07\/holsten-logo-600x600.png 600w, https:\/\/supernovatrading.eu\/wp-content\/uploads\/2025\/07\/holsten-logo-100x100.png 100w\" sizes=\"(max-width: 2560px) 100vw, 2560px\" \/>\t\t\t\t\t\t\t\t\t\t<\/div>\n\t\t\t\t\t\t\t\t\t\t\t\t\t\t\t\t\t<\/div>\n\t\t\t\t\t\t\t<\/div>\n\t\t\t\t\t\t<\/div>\n\t\t\t\t\t\t\t\t\t<\/div>\n\n\t\t\t\t\n\t\t\t\t\t\t\t<\/div><!-- .elementskit-clients-slider END -->\n\t\t<\/div>\n\t\t<\/div>\t\t\t\t<\/div>\n\t\t<div class=\"elementor-element elementor-element-3c81c0f e-con-full e-grid e-con e-child\" data-id=\"3c81c0f\" data-element_type=\"container\" data-e-type=\"container\" data-settings=\"{&quot;ekit_has_onepagescroll_dot&quot;:&quot;yes&quot;}\">\n\t\t<div class=\"elementor-element elementor-element-261974e e-con-full e-flex e-con e-child\" data-id=\"261974e\" data-element_type=\"container\" data-e-type=\"container\" data-settings=\"{&quot;ekit_has_onepagescroll_dot&quot;:&quot;yes&quot;}\">\n\t\t\t\t<div class=\"elementor-element elementor-element-a9ee8d3 elementor-widget elementor-widget-heading\" data-id=\"a9ee8d3\" data-element_type=\"widget\" data-e-type=\"widget\" data-settings=\"{&quot;ekit_we_effect_on&quot;:&quot;none&quot;}\" data-widget_type=\"heading.default\">\n\t\t\t\t\t<h2 class=\"elementor-heading-title elementor-size-default\">Scopul nostru<\/h2>\t\t\t\t<\/div>\n\t\t\t\t<div class=\"elementor-element elementor-element-9020f38 elementor-widget elementor-widget-text-editor\" data-id=\"9020f38\" data-element_type=\"widget\" data-e-type=\"widget\" data-settings=\"{&quot;ekit_we_effect_on&quot;:&quot;none&quot;}\" data-widget_type=\"text-editor.default\">\n\t\t\t\t\t\t\t\t\t<p>Ne str\u0103duim \u00een mod constant s\u0103 oferim servicii excep\u021bionale clien\u021bilor \u0219i s\u0103 asigur\u0103m o fiabilitate de nezdruncinat, a\u0219a cum reiese din cre\u0219terea constant\u0103 a veniturilor noastre \u0219i din extinderea re\u021belei de parteneri.<\/p><p>Prosperitatea continu\u0103 a \"super nova trading\" este atribuit\u0103 competen\u021bei noastre de a furniza linii de produse de nivel superior la pre\u021buri remarcabil de competitive, cuprinz\u00e2nd chiar \u0219i acele articole care sunt dificil de procurat.<\/p><p>Suntem o societate comercial\u0103 global\u0103 specializat\u0103 \u00een comer\u021bul cu ridicata al alcoolului \u0219i \u00een distribu\u021bia de b\u0103uturi alcoolice \u0219i nealcoolice. Furniz\u0103m cantit\u0103\u021bi \u00een vrac de bere de marc\u0103, vinuri \u0219i b\u0103uturi r\u0103coritoare \u00een \u00eentreaga lume.<\/p><p>Obiectivul nostru principal este aprovizionarea depozitelor din Uniunea European\u0103.<\/p>\t\t\t\t\t\t\t\t<\/div>\n\t\t\t\t<\/div>\n\t\t<div class=\"elementor-element elementor-element-375067d e-con-full e-flex e-con e-child\" data-id=\"375067d\" data-element_type=\"container\" data-e-type=\"container\" data-settings=\"{&quot;ekit_has_onepagescroll_dot&quot;:&quot;yes&quot;}\">\n\t\t\t\t<div class=\"elementor-element elementor-element-83f952e elementor-widget elementor-widget-heading\" data-id=\"83f952e\" data-element_type=\"widget\" data-e-type=\"widget\" data-settings=\"{&quot;ekit_we_effect_on&quot;:&quot;none&quot;}\" data-widget_type=\"heading.default\">\n\t\t\t\t\t<h2 class=\"elementor-heading-title elementor-size-default\">Furnizor experimentat de b\u0103uturi<\/h2>\t\t\t\t<\/div>\n\t\t\t\t<div class=\"elementor-element elementor-element-f8418da elementor-widget elementor-widget-text-editor\" data-id=\"f8418da\" data-element_type=\"widget\" data-e-type=\"widget\" data-settings=\"{&quot;ekit_we_effect_on&quot;:&quot;none&quot;}\" data-widget_type=\"text-editor.default\">\n\t\t\t\t\t\t\t\t\t<p>Datorit\u0103 experien\u021bei noastre vaste \u0219i a puterii noastre financiare pe pia\u021b\u0103, de\u021binem o putere de cump\u0103rare semnificativ\u0103, care ne permite s\u0103 negociem pre\u021buri foarte competitive cu furnizorii no\u0219tri. Aceste economii sunt apoi transferate bazei noastre de clien\u021bi \u00een cre\u0219tere.<\/p><p>\u00cen calitate de furnizor lider de alcool, ne angaj\u0103m s\u0103 oferim clien\u021bilor no\u0219tri cea mai extins\u0103 selec\u021bie de alcool en-gros, at\u00e2t sub garan\u021bie, c\u00e2t \u0219i \u00een alt mod.<\/p><p>La Super Nova Trading, ne str\u0103duim \u00een mod constant s\u0103 ne \u00eembun\u0103t\u0103\u021bim \u0219i suntem mereu \u00een c\u0103utare de noi linii de produse \u0219i furnizori cu capacitate suplimentar\u0103.<\/p>\t\t\t\t\t\t\t\t<\/div>\n\t\t\t\t<\/div>\n\t\t\t\t<\/div>\n\t\t\t\t\t<\/div>\n\t\t\t\t<\/div>\n\t\t\t\t<\/div>","protected":false},"excerpt":{"rendered":"<p>Istoricul nostru Scopul nostru Ne str\u0103duim \u00een mod constant s\u0103 oferim servicii excep\u021bionale clien\u021bilor \u0219i s\u0103 asigur\u0103m o fiabilitate de nezdruncinat, dup\u0103 cum reiese din cre\u0219terea constant\u0103 a veniturilor noastre \u0219i din extinderea re\u021belei de parteneri. Prosperitatea continu\u0103 a \"super nova trading\" este atribuit\u0103 competen\u021bei noastre de a furniza linii de produse de nivel superior la pre\u021buri remarcabil de competitive, cuprinz\u00e2nd chiar \u0219i acele articole care sunt [...]<\/p>","protected":false},"author":1,"featured_media":0,"parent":0,"menu_order":0,"comment_status":"closed","ping_status":"closed","template":"","meta":{"footnotes":""},"class_list":["post-51","page","type-page","status-publish","hentry"],"_links":{"self":[{"href":"https:\/\/supernovatrading.eu\/ro\/wp-json\/wp\/v2\/pages\/51","targetHints":{"allow":["GET"]}}],"collection":[{"href":"https:\/\/supernovatrading.eu\/ro\/wp-json\/wp\/v2\/pages"}],"about":[{"href":"https:\/\/supernovatrading.eu\/ro\/wp-json\/wp\/v2\/types\/page"}],"author":[{"embeddable":true,"href":"https:\/\/supernovatrading.eu\/ro\/wp-json\/wp\/v2\/users\/1"}],"replies":[{"embeddable":true,"href":"https:\/\/supernovatrading.eu\/ro\/wp-json\/wp\/v2\/comments?post=51"}],"version-history":[{"count":23,"href":"https:\/\/supernovatrading.eu\/ro\/wp-json\/wp\/v2\/pages\/51\/revisions"}],"predecessor-version":[{"id":93,"href":"https:\/\/supernovatrading.eu\/ro\/wp-json\/wp\/v2\/pages\/51\/revisions\/93"}],"wp:attachment":[{"href":"https:\/\/supernovatrading.eu\/ro\/wp-json\/wp\/v2\/media?parent=51"}],"curies":[{"name":"wp","href":"https:\/\/api.w.org\/{rel}","templated":true}]}}